{"id":87,"date":"2015-06-17T08:26:51","date_gmt":"2015-06-17T08:26:51","guid":{"rendered":"http:\/\/bjarte.hetland.net\/wp\/?page_id=87"},"modified":"2023-03-24T21:30:53","modified_gmt":"2023-03-24T21:30:53","slug":"lenker","status":"publish","type":"page","link":"http:\/\/bjarte.hetland.net\/wp\/lenker\/","title":{"rendered":"Lenker"},"content":{"rendered":"<p><a href=\"http:\/\/www.enternett.no\/\" target=\"_blank\" rel=\"noopener noreferrer\">EnterNett as<\/a><\/p>\n<p>Jeg er daglig leder av EnterNett as og de to datterselskapene Nordic Hosting og Skoledata.<\/p>\n<p>Et stabilt datanettverk som sikrer god kommunikasjon mellom ansatte og avdelinger i din bedrift? Trygg lagring og backup av deres verdifulle data? Skreddersydde web- epost- og databasel\u00f8sninger? Design og hosting av bedriftens nettsider? Datamaskiner, servere, skjermer, nettbrett, tastatur og programvare? Med snart 25 \u00e5rs erfaring som totalleverand\u00f8r av IT-tjenester til bedriftsmarkedet kan EnterNett kort fortalt hjelpe dere med alt!<\/p>\n<p><a href=\"http:\/\/nordic.hosting\/\" target=\"_blank\" rel=\"noopener noreferrer\">Nordic Hosting as<\/a><\/p>\n<p>Nordic Hosting AS er et heleid datterselskap av EnterNett, som tilbyr hosting av web og e-post i lavprissegmentet. Str\u00f8mlinjeformede l\u00f8sninger, h\u00f8y kvalitet, enkel administrasjon og lave priser!<\/p>\n<p><a href=\"http:\/\/www.skoledata.no\/\" target=\"_blank\" rel=\"noopener noreferrer\">Skoledata as<\/a><\/p>\n<p>Skoledata AS er et heleid datterselskap av EnterNett as. Selskapet driver med nettbaserte verkt\u00f8y for skoleverket. Det ble etablert og bygd opp av Tore Johansen, med 25 \u00e5rs fartstid som r\u00e5dgiver i skoleverket. EnterNett og Skoledata har hatt et tett samarbeid helt siden starten i 2003, og h\u00f8sten 2008 overtok EnterNett eierskapet av Skoledata.<\/p>\n<p><a href=\"http:\/\/nononsense.software\/\" target=\"_blank\" rel=\"noopener noreferrer\">No Nonsense Software<\/a><\/p>\n<p>Dette er et selskap som jeg driver sammen med Jarle Aasland. Selskapet tilbyr enkle og rimelige applikasjoner for PC: Diskkatalogiseringsverkt\u00f8yet SuperCat, filutlistingsprogrammet PrintFolder Pro og bildekatalogiseringsprogrammet Digital Photo Cataloger.<\/p>\n<p><a href=\"http:\/\/naturvernforbundet.no\/rogaland\/\" target=\"_blank\" rel=\"noopener noreferrer\">Naturvernforbundet i Rogaland<\/a><\/p>\n<p>Jeg var styremedlem i Naturvernforbundet i Rogaland fra 2007 til 2017. Vi jobbet da med en rekke interessante prosjekter, bl.a. <a href=\"http:\/\/www.preikestolen-nasjonalpark.no\/\" target=\"_blank\" rel=\"noopener noreferrer\">Preikestolen Nasjonalpark<\/a>, <a href=\"http:\/\/www.flyttblokk.no\/\" target=\"_blank\" rel=\"noopener noreferrer\">Flyttblokkregistrering<\/a> og ikke minst <a href=\"http:\/\/www.mostun.no\/\" target=\"_blank\" rel=\"noopener noreferrer\">Mostun natursenter<\/a>&nbsp;med <a href=\"http:\/\/mosvatnet.mostun.no\/\" target=\"_blank\" rel=\"noopener noreferrer\">Mosvatnet-databasen<\/a>.<\/p>\n\n\n<p><a href=\"https:\/\/valgblogg.hetland.net\/\" target=\"_blank\" rel=\"noreferrer noopener\">Valgbloggen min<\/a><\/p>\n\n\n\n<p>Valgresultater og kommentarer for Rogaland og Stavanger SV.<\/p>\n","protected":false},"excerpt":{"rendered":"<p>EnterNett as Jeg er daglig leder av EnterNett as og de to datterselskapene Nordic Hosting og Skoledata. Et stabilt datanettverk som sikrer god kommunikasjon mellom ansatte og avdelinger i din bedrift? Trygg lagring og backup av deres verdifulle data? Skreddersydde web- epost- og databasel\u00f8sninger? Design og hosting av bedriftens nettsider? Datamaskiner, servere, skjermer, nettbrett, tastatur og programvare? Med snart 25 <a class=\"more-link\" href=\"http:\/\/bjarte.hetland.net\/wp\/lenker\/\">Les mer &#8230;<\/a><\/p>\n","protected":false},"author":1,"featured_media":0,"parent":0,"menu_order":0,"comment_status":"closed","ping_status":"open","template":"","meta":{"footnotes":""},"class_list":["post-87","page","type-page","status-publish","hentry"],"_links":{"self":[{"href":"http:\/\/bjarte.hetland.net\/wp\/wp-json\/wp\/v2\/pages\/87","targetHints":{"allow":["GET"]}}],"collection":[{"href":"http:\/\/bjarte.hetland.net\/wp\/wp-json\/wp\/v2\/pages"}],"about":[{"href":"http:\/\/bjarte.hetland.net\/wp\/wp-json\/wp\/v2\/types\/page"}],"author":[{"embeddable":true,"href":"http:\/\/bjarte.hetland.net\/wp\/wp-json\/wp\/v2\/users\/1"}],"replies":[{"embeddable":true,"href":"http:\/\/bjarte.hetland.net\/wp\/wp-json\/wp\/v2\/comments?post=87"}],"version-history":[{"count":7,"href":"http:\/\/bjarte.hetland.net\/wp\/wp-json\/wp\/v2\/pages\/87\/revisions"}],"predecessor-version":[{"id":2546,"href":"http:\/\/bjarte.hetland.net\/wp\/wp-json\/wp\/v2\/pages\/87\/revisions\/2546"}],"wp:attachment":[{"href":"http:\/\/bjarte.hetland.net\/wp\/wp-json\/wp\/v2\/media?parent=87"}],"curies":[{"name":"wp","href":"https:\/\/api.w.org\/{rel}","templated":true}]}}